{"id":278,"date":"2020-04-11T07:20:19","date_gmt":"2020-04-11T07:20:19","guid":{"rendered":"http:\/\/www.helen.jilavu.org\/?page_id=278"},"modified":"2022-01-25T11:13:05","modified_gmt":"2022-01-25T11:13:05","slug":"thetahealing-one-to-one","status":"publish","type":"page","link":"http:\/\/www.helen.jilavu.org\/?page_id=278","title":{"rendered":"ThetaHealing\u00ae One To One"},"content":{"rendered":"\t\t<div data-elementor-type=\"wp-post\" data-elementor-id=\"278\" class=\"elementor elementor-278\" data-elementor-settings=\"[]\">\n\t\t\t\t\t\t<div class=\"elementor-inner\">\n\t\t\t\t\t\t\t<div class=\"elementor-section-wrap\">\n\t\t\t\t\t\t\t<section class=\"elementor-section elementor-top-section elementor-element elementor-element-7645c5e7 elementor-section-boxed elementor-section-height-default elementor-section-height-default\" data-id=\"7645c5e7\" data-element_type=\"section\">\n\t\t\t\t\t\t<div class=\"elementor-container elementor-column-gap-default\">\n\t\t\t\t\t\t\t<div class=\"elementor-row\">\n\t\t\t\t\t<div class=\"elementor-column elementor-col-100 elementor-top-column elementor-element elementor-element-fb8460f\" data-id=\"fb8460f\" data-element_type=\"column\">\n\t\t\t<div class=\"elementor-column-wrap elementor-element-populated\">\n\t\t\t\t\t\t\t<div class=\"elementor-widget-wrap\">\n\t\t\t\t\t\t<div class=\"elementor-element elementor-element-55232d0d animated-slow elementor-invisible elementor-widget elementor-widget-text-editor\" data-id=\"55232d0d\" data-element_type=\"widget\" data-settings=\"{&quot;_animation&quot;:&quot;fadeIn&quot;,&quot;_animation_delay&quot;:400}\" data-widget_type=\"text-editor.default\">\n\t\t\t\t<div class=\"elementor-widget-container\">\n\t\t\t\t\t\t\t\t<div class=\"elementor-text-editor elementor-clearfix\">\n\t\t\t\t<h2 style=\"text-align: right;\"><span style=\"color: #ff00ff;\"><span style=\"caret-color: #ff00ff;\"><b><i>Create Your Life!<\/i><\/b><\/span><\/span><\/h2>\t\t\t\t\t<\/div>\n\t\t\t\t\t\t<\/div>\n\t\t\t\t<\/div>\n\t\t\t\t<div class=\"elementor-element elementor-element-2d27a42 elementor-widget elementor-widget-image\" data-id=\"2d27a42\" data-element_type=\"widget\" data-widget_type=\"image.default\">\n\t\t\t\t<div class=\"elementor-widget-container\">\n\t\t\t\t\t\t\t\t<div class=\"elementor-image\">\n\t\t\t\t\t\t\t\t\t\t\t\t<img width=\"960\" height=\"540\" src=\"http:\/\/www.helen.jilavu.org\/wp-content\/uploads\/2020\/04\/Thetaonetoone-1024x576.png\" class=\"attachment-large size-large\" alt=\"\" loading=\"lazy\" srcset=\"http:\/\/www.helen.jilavu.org\/wp-content\/uploads\/2020\/04\/Thetaonetoone-1024x576.png 1024w, http:\/\/www.helen.jilavu.org\/wp-content\/uploads\/2020\/04\/Thetaonetoone-300x169.png 300w, http:\/\/www.helen.jilavu.org\/wp-content\/uploads\/2020\/04\/Thetaonetoone-768x432.png 768w, http:\/\/www.helen.jilavu.org\/wp-content\/uploads\/2020\/04\/Thetaonetoone-1536x864.png 1536w, http:\/\/www.helen.jilavu.org\/wp-content\/uploads\/2020\/04\/Thetaonetoone-1140x641.png 1140w, http:\/\/www.helen.jilavu.org\/wp-content\/uploads\/2020\/04\/Thetaonetoone.png 1920w\" sizes=\"(max-width: 960px) 100vw, 960px\" \/>\t\t\t\t\t\t\t\t\t\t\t\t\t\t<\/div>\n\t\t\t\t\t\t<\/div>\n\t\t\t\t<\/div>\n\t\t\t\t<div class=\"elementor-element elementor-element-7414aaf8 elementor-widget elementor-widget-text-editor\" data-id=\"7414aaf8\" data-element_type=\"widget\" data-widget_type=\"text-editor.default\">\n\t\t\t\t<div class=\"elementor-widget-container\">\n\t\t\t\t\t\t\t\t<div class=\"elementor-text-editor elementor-clearfix\">\n\t\t\t\t<p><span class=\"Stil199\" style=\"color: #ff00ff;\">Themen einer Sitzung<\/span><\/p><p class=\"Stil196\" align=\"left\"><span class=\"Stil197\"><span style=\"color: #333333;\">Theta Healing <\/span><sup style=\"color: #333333;\">\u00ae<\/sup><span style=\"color: #333333;\"> Sitzungen beginnen in der Regel mit einem ausf\u00fchrlichen Gespr\u00e4ch, bei dem die Hintergr\u00fcnde und Ziele f\u00fcr die Sitzung er\u00f6rtert und gekl\u00e4rt werden. Anschlie\u00dfend f\u00fchre ich ein Reading durch, bei dem sich der Schwerpunkte der Einzelsitzung heraus kristallisiert. Durch gezieltes Nachfragen wird es m\u00f6glich, das Energiefeld des Klienten zu <\/span><em style=\"color: #ff00ff;\"><span style=\"color: #000000;\">lesen<\/span><\/em> und Informationen zu erhalten. Im Gespr\u00e4ch f\u00fchre ich Dich zu den Ursachen jener Blockaden, die Dir Dein Wohlbefinden im Alltag und in Deinem Leben erschweren. \u00a0<\/span><\/p><p>Das k\u00f6nnen negative Glaubenss\u00e4tze, Emotionen oder auch andere Themen sein, die Dich schon lange belasten. Gemeinsam sp\u00fcren wir diese Blockaden und einschr\u00e4nkenden Muster,\u00a0Glaubenss\u00e4tze, Blockaden, Programme und Strategien auf und ver\u00e4ndern dies.<\/p><p class=\"Stil41\" align=\"left\">Wir arbeiten Hand in Hand. Alles geschieht nach Absprache, transparent und zu Deinem h\u00f6chsten und besten Wohl. Nach jeder Transformation erfolgt eine Harmonisierung und Integration der Arbeit. .<\/p><p>Eine Theta Healing<sup>\u00ae<\/sup> Sitzung arbeitet tief auf allen Ebenen des Seins, an unbewussten Glaubensprogrammen, am K\u00f6rper und Energiek\u00f6rpern.<\/p><p><strong><em>Ziel bei meiner Theta Healing<sup>\u00ae<\/sup> Arbeit ist es, Dich auf dem Weg zu k\u00f6rperlicher, seelischer und geistiger Balance zu unterst\u00fctzen und liebevoll zu begleiten.<\/em><\/strong><\/p><h6 class=\"Stil36\" align=\"left\"><span class=\"Stil199\" style=\"color: #ff00ff;\">Wieviele Sitzungen sind n\u00f6tig?<\/span><\/h6><p class=\"Stil36\" align=\"left\"><span class=\"Stil42\"><span style=\"color: #000000;\">Dies ist unterschiedlich und h\u00e4ngt vom pers\u00f6nlichen Anliegen und dessen tiefer liegenden Programme ab. Es ist m\u00f6glich, dass eine Heilung, eine Ver\u00e4nderung sofort sp\u00fcrbar ist. Es kann aber auch sein, dass mehrere einzelne Sitzungen ben\u00f6tigt werden, um Schicht f\u00fcr Schicht voranzugehen, bis das gew\u00fcnschte Resultat eintreten kann.<\/span><br \/><\/span><\/p><p class=\"Stil199\" align=\"left\">Wie lange dauert eine Sitzung und wo findet sie statt?<\/p><p class=\"Stil41\" align=\"left\">Die Dauer einer Sitzung kann zwischen <strong>60 und 90 Minuten<\/strong> variieren. Eine Einzelsitzung findet in Mainz oder Online via Zoom statt.<\/p><p class=\"Stil41\" align=\"left\">Da wir alle \u00fcber energetische Felder und Schwingungen miteinander verbunden sind, kann Theta Healing<sup>\u00ae<\/sup>unabh\u00e4ngig von Zeit und Raum angewendet werden. Eine Fernsitzung ist daher ebenso m\u00f6glich und genauso effektiv. <em><strong>Eine Theta Healing<sup>\u00ae<\/sup> Sitzung ist \u00fcber Zoom oder Telefon m\u00f6glich.<\/strong><\/em><\/p><h6><span class=\"Stil121\" style=\"color: #ff00ff;\">Wieviel kostet eine Sitzung?<\/span><\/h6><p class=\"Stil40\" align=\"left\"><span class=\"Stil39\">Deine Investition f\u00fcr eine Theta Healing<sup>\u00ae<\/sup> Sitzung betr\u00e4gt <strong>150 Euro\u00a0<\/strong><em>incl. MwSt<\/em><\/span><\/p><h6 class=\"Stil40\" align=\"left\"><span style=\"color: #ff00ff;\"><span class=\"Stil200\"><span style=\"text-decoration: underline;\">Mein Angebot f\u00fcr Dich:<\/span><br \/><\/span><span class=\"Stil39\">Buche direkt 3 Einzelsitzungen ||<strong> 420 Euro<\/strong> <em>incl. MwSt<\/em><\/span><\/span><\/h6><p>Theta Healing<sup>\u00ae<\/sup> Sitzungen sind reine Selbstzahlerleistungen. Es besteht die M\u00f6glichkeit nach einer Sitzung in bar zu bezahlen oder vorab per PayPal die Sitzung zu buchen.<\/p><h6><span class=\"Stil41\" style=\"color: #ff00ff;\"><span class=\"Stil121\">Wie vereinbare ich einen Termin?<\/span><\/span><\/h6><p class=\"Stil40\" align=\"left\"><span class=\"Stil39\">Termine vereinbarst Du mit mir teleofnisch oder per E-Mail. Nach der Terminvereinbarung sendest Du mir bitte Deine Daten &#8211; Name, Adresse, E-Mail, Telefon &#8211; f\u00fcr die Rechnungserstellung. Die Rechnung erh\u00e4lst Du nach der Coaching &#8211; Sitzung per E-Mail.<\/span><\/p><p class=\"Stil40\"><em><strong><span class=\"Stil39\"><span class=\"Stil58\">Sollten Du einen vereinbarten Termin nicht einhalten k\u00f6nnen, bitte ich Dich mindestens 24 Stunden vorher abzusagen. Im Falle, dass ein Termin ohne kurzfristiger Absage entf\u00e4llt, wird Dir der volle Betrag einer \u00a0Einzelsitzung in Rechnung gestellt.<\/span><\/span><\/strong><\/em><\/p>\t\t\t\t\t<\/div>\n\t\t\t\t\t\t<\/div>\n\t\t\t\t<\/div>\n\t\t\t\t\t\t<\/div>\n\t\t\t\t\t<\/div>\n\t\t<\/div>\n\t\t\t\t\t\t\t\t<\/div>\n\t\t\t\t\t<\/div>\n\t\t<\/section>\n\t\t\t\t\t\t<\/div>\n\t\t\t\t\t\t<\/div>\n\t\t\t\t\t<\/div>\n\t\t","protected":false},"excerpt":{"rendered":"<p>Create Your Life! Themen einer Sitzung Theta Healing \u00ae Sitzungen beginnen in der Regel mit einem ausf\u00fchrlichen Gespr\u00e4ch, bei dem die Hintergr\u00fcnde und Ziele f\u00fcr die Sitzung er\u00f6rtert und gekl\u00e4rt werden. Anschlie\u00dfend f\u00fchre ich ein Reading durch, bei dem sich der Schwerpunkte der Einzelsitzung heraus kristallisiert. Durch gezieltes Nachfragen wird es m\u00f6glich, das Energiefeld des Klienten zu lesen und Informationen zu erhalten. Im Gespr\u00e4ch f\u00fchre ich Dich zu den Ursachen jener Blockaden, die Dir Dein Wohlbefinden im Alltag und in Deinem Leben erschweren. \u00a0 Das k\u00f6nnen negative Glaubenss\u00e4tze, Emotionen oder auch andere Themen sein, die Dich schon lange belasten. Gemeinsam sp\u00fcren wir diese Blockaden und einschr\u00e4nkenden Muster,\u00a0Glaubenss\u00e4tze, Blockaden, Programme und Strategien auf und ver\u00e4ndern dies. Wir arbeiten Hand in Hand. Alles geschieht nach Absprache, transparent und zu Deinem h\u00f6chsten und besten Wohl. Nach jeder Transformation erfolgt eine Harmonisierung und Integration der Arbeit. . Eine Theta Healing\u00ae Sitzung arbeitet tief auf allen Ebenen des Seins, an unbewussten Glaubensprogrammen, am K\u00f6rper und Energiek\u00f6rpern. Ziel bei meiner Theta Healing\u00ae Arbeit ist es, Dich auf dem Weg zu k\u00f6rperlicher, seelischer und geistiger Balance zu unterst\u00fctzen und liebevoll zu begleiten. Wieviele Sitzungen sind n\u00f6tig? Dies ist unterschiedlich und h\u00e4ngt vom pers\u00f6nlichen Anliegen und dessen tiefer liegenden Programme ab. Es ist m\u00f6glich, dass eine Heilung, eine Ver\u00e4nderung sofort sp\u00fcrbar ist. Es kann aber auch sein, dass mehrere einzelne Sitzungen ben\u00f6tigt werden, um Schicht f\u00fcr Schicht voranzugehen, bis das gew\u00fcnschte Resultat eintreten kann. Wie lange dauert eine Sitzung und wo findet sie statt? Die Dauer einer Sitzung kann zwischen 60 und 90 Minuten variieren. Eine Einzelsitzung findet in Mainz oder Online via Zoom statt. Da wir alle \u00fcber energetische Felder und Schwingungen miteinander verbunden sind, kann Theta Healing\u00aeunabh\u00e4ngig von Zeit und Raum angewendet werden. Eine Fernsitzung ist daher ebenso m\u00f6glich und genauso effektiv. Eine Theta Healing\u00ae Sitzung ist \u00fcber Zoom oder Telefon m\u00f6glich. Wieviel kostet eine Sitzung? Deine Investition f\u00fcr eine Theta Healing\u00ae Sitzung betr\u00e4gt 150 Euro\u00a0incl. MwSt Mein Angebot f\u00fcr Dich:Buche direkt 3 Einzelsitzungen || 420 Euro incl. MwSt Theta Healing\u00ae Sitzungen sind reine Selbstzahlerleistungen. Es besteht die M\u00f6glichkeit nach einer Sitzung in bar zu bezahlen oder vorab per PayPal die Sitzung zu buchen. Wie vereinbare ich einen Termin? Termine vereinbarst Du mit mir teleofnisch oder per E-Mail. Nach der Terminvereinbarung sendest Du mir bitte Deine Daten &#8211; Name, Adresse, E-Mail, Telefon &#8211; f\u00fcr die Rechnungserstellung. Die Rechnung erh\u00e4lst Du nach der Coaching &#8211; Sitzung per E-Mail. Sollten Du einen vereinbarten Termin nicht einhalten k\u00f6nnen, bitte ich Dich mindestens 24 Stunden vorher abzusagen. Im Falle, dass ein Termin ohne kurzfristiger Absage entf\u00e4llt, wird Dir der volle Betrag einer \u00a0Einzelsitzung in Rechnung gestellt.<\/p>\n","protected":false},"author":1,"featured_media":0,"parent":0,"menu_order":0,"comment_status":"closed","ping_status":"closed","template":"","meta":[],"_links":{"self":[{"href":"http:\/\/www.helen.jilavu.org\/index.php?rest_route=\/wp\/v2\/pages\/278"}],"collection":[{"href":"http:\/\/www.helen.jilavu.org\/index.php?rest_route=\/wp\/v2\/pages"}],"about":[{"href":"http:\/\/www.helen.jilavu.org\/index.php?rest_route=\/wp\/v2\/types\/page"}],"author":[{"embeddable":true,"href":"http:\/\/www.helen.jilavu.org\/index.php?rest_route=\/wp\/v2\/users\/1"}],"replies":[{"embeddable":true,"href":"http:\/\/www.helen.jilavu.org\/index.php?rest_route=%2Fwp%2Fv2%2Fcomments&post=278"}],"version-history":[{"count":28,"href":"http:\/\/www.helen.jilavu.org\/index.php?rest_route=\/wp\/v2\/pages\/278\/revisions"}],"predecessor-version":[{"id":1123,"href":"http:\/\/www.helen.jilavu.org\/index.php?rest_route=\/wp\/v2\/pages\/278\/revisions\/1123"}],"wp:attachment":[{"href":"http:\/\/www.helen.jilavu.org\/index.php?rest_route=%2Fwp%2Fv2%2Fmedia&parent=278"}],"curies":[{"name":"wp","href":"https:\/\/api.w.org\/{rel}","templated":true}]}}